{"id":2225,"date":"2021-12-21T18:32:26","date_gmt":"2021-12-21T17:32:26","guid":{"rendered":"https:\/\/www.hofstatt.info\/about\/"},"modified":"2026-03-17T11:43:38","modified_gmt":"2026-03-17T10:43:38","slug":"about","status":"publish","type":"page","link":"https:\/\/www.hofstatt.info\/en\/about\/","title":{"rendered":"ABOUT"},"content":{"rendered":"<section class=\"l-section wpb_row us_custom_e11ab399 height_large\"><div class=\"l-section-h i-cf\"><div class=\"g-cols vc_row via_grid cols_1 laptops-cols_inherit tablets-cols_inherit mobiles-cols_1 valign_top type_default stacking_default\"><div class=\"wpb_column vc_column_container\"><div class=\"vc_column-inner\"><div class=\"g-cols wpb_row via_grid cols_1 laptops-cols_inherit tablets-cols_inherit mobiles-cols_1 valign_top type_default stacking_default\" style=\"--columns-gap:3rem;\"><div class=\"wpb_column vc_column_container\"><div class=\"vc_column-inner\"><h1 class=\"w-text us_custom_e8f5a6a7 has_text_color\"><span class=\"w-text-h\"><span class=\"w-text-value\">ABOUT<\/span><\/span><\/h1><\/div><\/div><\/div><div class=\"w-separator size_huge\"><\/div><\/div><\/div><\/div><\/div><\/section><section class=\"l-section wpb_row us_custom_8e09cc6b height_auto\"><div class=\"l-section-h i-cf\"><div class=\"g-cols vc_row via_grid cols_1 laptops-cols_inherit tablets-cols_inherit mobiles-cols_1 valign_top type_default stacking_default\" style=\"--columns-gap:15px;\"><div class=\"wpb_column vc_column_container us_custom_1be5d85c has_bg_color\"><div class=\"vc_column-inner\"><div class=\"w-separator size_medium\"><\/div><div class=\"wpb_text_column us_custom_e8d85284 has_text_color\"><div class=\"wpb_wrapper\"><h3>Your shopping date in Munich!<\/h3>\n<\/div><\/div><div class=\"w-separator size_medium\"><\/div><div class=\"wpb_text_column\"><div class=\"wpb_wrapper\"><p>HOFSTATT is a unique combination of shopping and indulgence &#8211; and is perfectly located in the heart of Munich&#8217;s city center. Flagship stores of major labels such as <a href=\"https:\/\/www.hofstatt.info\/en\/portfolio\/depot\/\">DEPOT<\/a>, <a href=\"https:\/\/www.hofstatt.info\/en\/portfolio\/gant\/\">GANT<\/a>, <a href=\"https:\/\/www.hofstatt.info\/en\/portfolio\/subdued\/\">Subdued<\/a> and <a href=\"https:\/\/www.hofstatt.info\/en\/portfolio\/brandy-melville\/\">Brandy Malville<\/a> are right next door to cool design stores and trendy fashion brands. In the middle of the vibrant shopping arcade, quiet courtyards and great restaurants invite you to linger.<\/p>\n<p>The existing <a href=\"https:\/\/www.hofstatt.info\/en\/portfolio\/edeka-van-dungen\/\">EDEKA van Dungen<\/a>, the largest supermarket in Munich&#8217;s city center, perfectly rounds off the mix of stores with its great wide range of products for daily needs. HOFSTATT also has a lot to offer when it comes to sport. <a href=\"https:\/\/www.hofstatt.info\/en\/portfolio\/fitness-first\/\">FITNESS FIRST<\/a> and a <a href=\"https:\/\/www.hofstatt.info\/shops\/blackbike\/\">blackBIKE<\/a> studio are located in the basement.<\/p>\n<p>An exciting mix of fashion, food and lifestyle.<br \/>\nDiscover and enjoy &#8211; your location for the perfect shopping day in Munich city center!<br \/>\nHOFSTATT &#8211; Sendlinger Stra\u00dfe 10.<\/p>\n<\/div><\/div><\/div><\/div><\/div><\/div><\/section><section class=\"l-section wpb_row us_custom_8e09cc6b height_auto\"><div class=\"l-section-h i-cf\"><div class=\"g-cols vc_row via_grid cols_1 laptops-cols_inherit tablets-cols_inherit mobiles-cols_1 valign_top type_default stacking_default\" style=\"--columns-gap:15px;\"><div class=\"wpb_column vc_column_container us_custom_1be5d85c has_bg_color\"><div class=\"vc_column-inner\"><div class=\"w-image align_none\"><div class=\"w-image-h\"><img fetchpriority=\"high\" decoding=\"async\" width=\"1360\" height=\"712\" src=\"https:\/\/www.hofstatt.info\/wp-content\/uploads\/2025\/07\/hofstatt_sendlinger-strasse_2025.jpg\" class=\"attachment-full size-full\" alt=\"HOFSTATT - Passage Sendlinger Str.\" loading=\"eager\" srcset=\"https:\/\/www.hofstatt.info\/wp-content\/uploads\/2025\/07\/hofstatt_sendlinger-strasse_2025.jpg 1360w, https:\/\/www.hofstatt.info\/wp-content\/uploads\/2025\/07\/hofstatt_sendlinger-strasse_2025-300x157.jpg 300w, https:\/\/www.hofstatt.info\/wp-content\/uploads\/2025\/07\/hofstatt_sendlinger-strasse_2025-1024x536.jpg 1024w, https:\/\/www.hofstatt.info\/wp-content\/uploads\/2025\/07\/hofstatt_sendlinger-strasse_2025-200x105.jpg 200w, https:\/\/www.hofstatt.info\/wp-content\/uploads\/2025\/07\/hofstatt_sendlinger-strasse_2025-80x42.jpg 80w, https:\/\/www.hofstatt.info\/wp-content\/uploads\/2025\/07\/hofstatt_sendlinger-strasse_2025-150x79.jpg 150w, https:\/\/www.hofstatt.info\/wp-content\/uploads\/2025\/07\/hofstatt_sendlinger-strasse_2025-100x52.jpg 100w, https:\/\/www.hofstatt.info\/wp-content\/uploads\/2025\/07\/hofstatt_sendlinger-strasse_2025-130x68.jpg 130w\" sizes=\"(max-width: 1360px) 100vw, 1360px\" \/><\/div><\/div><div class=\"w-separator size_medium\"><\/div><div class=\"w-video align_none ratio_custom with_overlay\" style=\"background-image:url(https:\/\/www.hofstatt.info\/wp-content\/uploads\/2025\/07\/hofstatt-movie-thump-scaled.jpg);\" onclick=\"return {&quot;player_html&quot;:&quot;&lt;video  preload=\\&quot;none\\&quot; playsinline controls loop&gt;&lt;source type=\\&quot;video\\\/mp4\\&quot; src=\\&quot;https:\\\/\\\/www.hofstatt.info\\\/wp-content\\\/uploads\\\/2026\\\/03\\\/hofstett-movie-website-2026.mp4\\&quot; \\\/&gt;&lt;\\\/video&gt;&quot;}\"><button class=\"w-video-play\" type=\"button\" aria-label=\"Play\"><span class=\"w-video-play-icon\" style=\"font-size:1.5rem;background:rgba(214,60,132,0.69);color:#fff\"><\/span><\/button><div class=\"w-video-h\" style=\"padding-bottom:43.75%\"><video  preload=\"none\" playsinline controls loop><source type=\"video\/mp4\" src=\"https:\/\/www.hofstatt.info\/wp-content\/uploads\/2026\/03\/hofstett-movie-website-2026.mp4\" \/><\/video><\/div><\/div><\/div><\/div><\/div><\/div><\/section><section class=\"l-section wpb_row us_custom_8e09cc6b height_auto\"><div class=\"l-section-h i-cf\"><div class=\"g-cols vc_row via_grid cols_1 laptops-cols_inherit tablets-cols_inherit mobiles-cols_1 valign_top type_default stacking_default\" style=\"--columns-gap:15px;\"><div class=\"wpb_column vc_column_container us_custom_1be5d85c has_bg_color\"><div class=\"vc_column-inner\"><div class=\"w-separator size_medium\"><\/div><div class=\"wpb_text_column\"><div class=\"wpb_wrapper\"><p>After a total of 7 years of planning and construction, HOFSTATT celebrated its grand opening as a new shopping arcade in 2013. The three-armed passage covers the entire area between Sendlingerstra\u00dfe, Hackenstra\u00dfe and F\u00e4rbergraben.<\/p>\n<p>HOFSTATT comprises seven buildings on the former site of the S\u00fcddeutsche Zeitung newspaper in Munich&#8217;s city center. After the publishing house moved away, the Zurich office of <a href=\"http:\/\/www.meilipeter.de\/de\/projekte\/auswahl\/#\/portfolio\/hofstatt\/\" target=\"_blank\" rel=\"noopener noreferrer\">Meili, Peter Architekten<\/a> emerged as the winner of the international architecture competition in 2006. The master plan by Meili, Peter Architekten was particularly convincing with its sequence of well-proportioned courtyards and the implementation of a public passageway.<br \/>\nThe HOFSTATT design draws its special character from the interplay of contemporary construction and respectful treatment of the monuments and the ensemble of the old town. The implementation of the public passage will actively connect the formerly isolated Hackenviertel to the center of Munich and fill it with new life.<\/p>\n<p>With over 15,500 square meters of retail space and 18,000 square meters of office space, HOFSTATT is an attractive address for tradespeople and companies. In addition, both shopping and architecture enthusiasts will enjoy this extraordinary complex.<br \/>\nThe location on Sendlinger Strasse in Munich is perfect, easily accessible by public transport and also by car. HOFSTATT is located just a few steps from Marienplatz in Munich &#8211; the heart of the city. Many trendy stores are also within walking distance on Sendlinger Strasse, which is now completely traffic-calmed, and it is also not far to Kaufingerstrasse, Neuhauserstrasse and Theatinerstrasse.<\/p>\n<p>The opening of HOFSTATT and the stores and restaurants located there has revitalized the Sendlinger Strasse area, which can only benefit everyone &#8211; especially shoppers and stoppers.<\/p>\n<p>Come and visit us at HOFSTATT and enjoy your shopping day in Munich&#8217;s city center! We look forward to seeing you!<\/p>\n<\/div><\/div><div class=\"w-separator size_medium\"><\/div><\/div><\/div><\/div><\/div><\/section>\n","protected":false},"excerpt":{"rendered":"ABOUTYour shopping date in Munich! HOFSTATT is a unique combination of shopping and indulgence &#8211; and is perfectly located in the heart of Munich&#8217;s city center. Flagship stores of major labels such as DEPOT, GANT, Subdued and Brandy Malville are right next door to cool design stores and trendy fashion brands. In the middle of...","protected":false},"author":1,"featured_media":2742,"parent":0,"menu_order":0,"comment_status":"closed","ping_status":"closed","template":"","meta":{"footnotes":""},"class_list":["post-2225","page","type-page","status-publish","has-post-thumbnail","hentry"],"_links":{"self":[{"href":"https:\/\/www.hofstatt.info\/en\/wp-json\/wp\/v2\/pages\/2225","targetHints":{"allow":["GET"]}}],"collection":[{"href":"https:\/\/www.hofstatt.info\/en\/wp-json\/wp\/v2\/pages"}],"about":[{"href":"https:\/\/www.hofstatt.info\/en\/wp-json\/wp\/v2\/types\/page"}],"author":[{"embeddable":true,"href":"https:\/\/www.hofstatt.info\/en\/wp-json\/wp\/v2\/users\/1"}],"replies":[{"embeddable":true,"href":"https:\/\/www.hofstatt.info\/en\/wp-json\/wp\/v2\/comments?post=2225"}],"version-history":[{"count":11,"href":"https:\/\/www.hofstatt.info\/en\/wp-json\/wp\/v2\/pages\/2225\/revisions"}],"predecessor-version":[{"id":3502,"href":"https:\/\/www.hofstatt.info\/en\/wp-json\/wp\/v2\/pages\/2225\/revisions\/3502"}],"wp:featuredmedia":[{"embeddable":true,"href":"https:\/\/www.hofstatt.info\/en\/wp-json\/wp\/v2\/media\/2742"}],"wp:attachment":[{"href":"https:\/\/www.hofstatt.info\/en\/wp-json\/wp\/v2\/media?parent=2225"}],"curies":[{"name":"wp","href":"https:\/\/api.w.org\/{rel}","templated":true}]}}